{"id":76,"date":"2021-05-10T13:14:37","date_gmt":"2021-05-10T11:14:37","guid":{"rendered":"https:\/\/www.unitube.ch\/?page_id=76"},"modified":"2025-09-18T10:02:34","modified_gmt":"2025-09-18T08:02:34","slug":"allgemeine-geschaeftsbedingungen","status":"publish","type":"page","link":"https:\/\/www.unitube.ch\/?page_id=76","title":{"rendered":"AGBs"},"content":{"rendered":"<p><strong>Allgemeine Gesch\u00e4ftsbedingungen<\/strong><\/p>\n<ol>\n<li><strong><u>Geltungsbereich <\/u><\/strong><\/li>\n<\/ol>\n<p>1.1.\u00a0\u00a0\u00a0 S\u00e4mtliche Ausk\u00fcnfte, Angebote, Vertr\u00e4ge, Lieferungen und sonstigen Leistungen unseres Unternehmens erfolgen ausschlie\u00dflich aufgrund der nachstehenden Allgemeinen Gesch\u00e4ftsbedingungen.<\/p>\n<p>1.2.\u00a0\u00a0\u00a0 Den Allgemeinen Gesch\u00e4ftsbedingungen unserer Kunden wird grunds\u00e4tzlich widersprochen. Sie verpflichten uns nur im Falle eines ausdr\u00fccklichen und schriftlichen Anerkenntnisses. Unsere Allgemeinen Gesch\u00e4ftsbedingungen gelten auch dann, wenn wir in Kenntnis endgegenstehender oder von unseren Allgemeinen Gesch\u00e4ftsbedingungen abweichender Bedingungen des Kunden die Lieferung vorbehaltlos ausf\u00fchren.<\/p>\n<p>1.3 \u00a0\u00a0\u00a0 Alle Vereinbarungen und rechtserheblichen Vereinbarungen der Vertragsparteien bed\u00fcrfen zu ihrer G\u00fcltigkeit der Schriftform.<\/p>\n<ol start=\"2\">\n<li><strong><u>Angebot und Angebotsunterlagen<\/u><\/strong><\/li>\n<\/ol>\n<p>2.1\u00a0\u00a0\u00a0\u00a0 Unsere Angebote sind, wenn nicht anders lautend verbindlich und basieren auf Vorgaben, die bis zur Abgabe des Angebots gemacht sind. Sp\u00e4tere \u00c4nderungen bzw. Erg\u00e4nzungen sind von dem Angebot nicht erfasst und verpflichten uns nicht zu dessen Erf\u00fcllungen.<\/p>\n<p>2.2.\u00a0\u00a0\u00a0 F\u00fcr Zeichnungen, Abbildungen, Masse, Gewichte oder sonstige Leistungsdaten wird keinerlei Haftung \u00fcbernommen.<\/p>\n<p>2.3\u00a0\u00a0\u00a0\u00a0 Alle Abbildungen, Zeichnungen, Kalkulationen, Angebote und sonstigen Unterlagen betrachten wir als unser Eigentum und behalten uns Urheberrechte vor. Alle dem Kunden bzw. dem Lieferanten zur Verf\u00fcgung gestellten Unterlagen sind nur zu dessen pers\u00f6nlichem Gebrauch. Die Weitergabe an Dritte ist ohne unsere schriftliche Genehmigung untersagt.<\/p>\n<p>2.4\u00a0\u00a0\u00a0\u00a0 Annahmeerkl\u00e4rungen und s\u00e4mtliche Bestellungen bed\u00fcrfen zur Rechtswirksamkeit unserer schriftlichen Best\u00e4tigung. Dasselbe gilt f\u00fcr \u00c4nderungen oder Erg\u00e4nzungen bereits geschlossener Vertr\u00e4ge. M\u00fcndliche Nebenreden, die \u00fcber den schriftlichen Vertragsinhalt hinausgehen, bed\u00fcrfen zu ihrer Wirksamkeit der schriftlichen Best\u00e4tigung.<\/p>\n<ol start=\"3\">\n<li><strong><u>Preise<\/u><\/strong><\/li>\n<\/ol>\n<p>3.1 \u00a0\u00a0\u00a0 S\u00e4mtliche Preise sind Nettopreise ohne Steuern. Diese werden dem Kunden in der jeweiligen gesetzlichen H\u00f6he gesondert in Rechnung gestellt. Ma\u00dfgebend sind die in unserer Auftragsbest\u00e4tigung genannten Preise. Zus\u00e4tzliche Lieferungen und Leistungen werden gesondert berechnet.<\/p>\n<p>3.2\u00a0\u00a0\u00a0\u00a0 Sofern keine gesonderte Preisabsprache getroffen ist, sind wir berechtigt, vereinbarte Preise auch nach Vertragsschluss einseitig zu erh\u00f6hen, wenn zwischen Vertragsschluss und vereinbartem Liefertermin mehr als zwei Monate liegen.<\/p>\n<p>3.3\u00a0\u00a0\u00a0\u00a0 S\u00e4mtliche Nebenkosten wie z.B. f\u00fcr Fracht, Versicherung, Aus-, Ein- und Durchfuhr sowie andere Bewilligungen sowie Beurkundungen gehen zu Lasten des Bestellers.<\/p>\n<p>3.4\u00a0 \u00a0 \u00a0Steigen die Rohmaterialpreise sowie die Energiekosten mehr als 10% zur Zeit der Lieferung gegen\u00fcber dem Angebotstermin, so sind wir berechtigt, unsere angebotenen Preise ohne vorherige Ank\u00fcndigung dementsprechend zu erh\u00f6hen. Diese Erh\u00f6hung wird auf der Rechnung begr\u00fcndet.<\/p>\n<ol start=\"4\">\n<li><strong><u>Zahlungsbedingungen<\/u><\/strong><\/li>\n<\/ol>\n<p>4.1\u00a0\u00a0\u00a0\u00a0 Unsere Forderungen, sofern nicht anders vereinbart, sind innerhalb von 30 Tagen netto nach Rechnungserhalt ohne Abzug von Skonto, Spesen, Steuern, Geb\u00fchren, Z\u00f6llen und dergleichen zahlbar. Eine Zahlung gilt erst dann als erfolgt, wenn wir \u00fcber den gezahlten Betrag verf\u00fcgen k\u00f6nnen. Scheckzahlungen erfordern eine endg\u00fcltige Gutschrift. Unberechtigte Abz\u00fcge werden mit einer zus\u00e4tzlichen Geb\u00fchr von mind. 5 CHF oder 2% vom Rechnungsbetrag in Rechnung gestellt<em>.<\/em> Bei Zahlungsverzug erheben wir mit dem zweiten Erinnerungsschreiben 10 CHF Mahngeb\u00fchren; weitere 10 CHF pro weitere Schreiben. Wir behalten uns das Recht vor zus\u00e4tzlich Verzugszinsen in Rechnung zu stellen.<\/p>\n<p>4.2\u00a0\u00a0\u00a0\u00a0 Wenn der Kunde mit Zahlungen in R\u00fcckstand ger\u00e4t, oder der Kunde seine Zahlungen eingestellt hat, sind wir berechtigt, s\u00e4mtliche noch offenen Anspr\u00fcche gegen den Kunden unabh\u00e4ngig vom jeweiligen Rechtsgrund sofort f\u00e4llig zu stellen. Dar\u00fcber hinaus k\u00f6nnen Vorauszahlungen und Sicherheitsleistungen verlangt werden. Satz 1 und f. gilt entsprechend, wenn wir von sonstigen Umst\u00e4nden fahren, welche die Kreditw\u00fcrdigkeit des Kunden in Frage stellen.<\/p>\n<p>4.3\u00a0\u00a0\u00a0\u00a0 Der Kunde ist nur dann zur Aufrechnung, zur Geltendmachung eines Zur\u00fcckhaltungsrechts oder zur Minderung berechtigt, wenn seine Gegenanspr\u00fcche unbestritten oder rechtskr\u00e4ftigt sind.<\/p>\n<p>4.4\u00a0\u00a0\u00a0\u00a0 Die gelieferten Waren bleiben bis zur vollst\u00e4ndigen Zahlung im Eigentum der UniTube Automotive AG. Es gilt der erweiterte Eigentumsvorbehalt.<\/p>\n<ol start=\"5\">\n<li><strong><u>Liefer- und Leistungszeit<\/u><\/strong><\/li>\n<\/ol>\n<p>5.1\u00a0\u00a0\u00a0\u00a0 Liefertermine und Lieferfristen basieren auf den Vorgaben bei ihrer gemeinsamen Festlegung. Jede Bestellung des Kunden wird von uns durch eine schriftliche Auftragsbest\u00e4tigung best\u00e4tigt. Der in der Auftragsbest\u00e4tigung genannte Liefertermin ist verbindlich.<br \/>\n\u00c4nderungen von Bestellmengen oder Lieferterminen durch den Kunden sind nur m\u00f6glich, wenn uns eine schriftliche \u00c4nderungsmitteilung sp\u00e4testens <strong>10 Kalendertage vor dem best\u00e4tigten Liefertermin<\/strong> zugeht.<\/p>\n<p>Erfolgt die \u00c4nderungsmitteilung sp\u00e4ter, behalten wir uns vor, den dadurch entstandenen internen Aufwand pauschal, je betroffene Bestellung, in Rechnung zu stellen.<\/p>\n<p>5.2\u00a0\u00a0\u00a0\u00a0 Liefer \u2013 und Leistungsverz\u00f6gerungen aufgrund h\u00f6herer Gewalt bzw. aufgrund von Ereignissen, die eine vereinbarte Lieferung unseres Unternehmens oder eines unserer Lieferanten wesentlich erschweren oder unm\u00f6glich machen beispielsweise Streik, Aussperrung oder beh\u00f6rdliche Anordnungen berechtigen uns, die Lieferung bzw. Leistung um die Dauer der Behinderung zuz\u00fcglich einer angemessenen Anlaufzeit hinauszuschieben. Die Rechte gem\u00e4\u00df Satz 1 f. stehen uns nur dann zur Verf\u00fcgung, wenn der Kunde unverz\u00fcglich benachrichtigt wird. Dauert die Behinderung l\u00e4nger als sechs Monate, ist der Kunde nach angemessener Nachfristsetzung berechtigt, hinsichtlich der noch nicht erbrachten Leistungen vom Vertrag zur\u00fcckzutreten. Schadenersatzanspr\u00fcche bestehen nicht.<\/p>\n<p>5.3\u00a0\u00a0\u00a0\u00a0 Wir sind nach billigem Ermessen zur Teillieferungen und Teilleistungen sowie zur Stellung von Teilrechnungen berechtigt.<\/p>\n<p>5.4\u00a0\u00a0\u00a0\u00a0 Wir sind berechtigt, Schnittabf\u00e4lle, die durch die Bearbeitung entstehen, dem Kunden auf dessen Kosten retour zu liefern. Dies gilt insbesondere, wenn f\u00fcr die Abf\u00e4lle Geb\u00fchren zu entrichten sind. Alle anderen Abf\u00e4lle\/Wertstoffe gehen nach erfolgter Lieferung sofern keine anderweitigen Vereinbarungen getroffen sind, sofort in unser Eigentum \u00fcber.<\/p>\n<ol start=\"6\">\n<li><strong><u>Gefahren\u00fcbergang<\/u><\/strong><\/li>\n<\/ol>\n<p>6.1\u00a0\u00a0\u00a0\u00a0 Sofern sich aus der Auftragsbest\u00e4tigung nichts anderes ergibt, ist Lieferung \u201eab Werk\u201c vereinbart.<\/p>\n<p>6.2\u00a0\u00a0\u00a0\u00a0 Die gesetzlichen Bestimmungen f\u00fcr den \u00dcbergang der Leistungs- und Verg\u00fctungsgefahr auf den Kunden gelten entsprechend, wenn die Versendung der Ware innerhalb desselben Orts bzw. mit Fahrzeugen unseres Unternehmens erfolgt. Wird der Versand ohne unser Verschulden unm\u00f6glich, gehen Leistungs-und Verg\u00fctungsgefahr auf den Kunden \u00fcber, sobald wir unser Versandbereitschaft anzeigen.<\/p>\n<ol start=\"7\">\n<li><strong><u>Vertragsaufl\u00f6sung<\/u><\/strong><\/li>\n<\/ol>\n<p>7.1\u00a0\u00a0\u00a0\u00a0 Der Kunde ist ohne Angabe von Gr\u00fcnden zu Vertragsaufl\u00f6sung berechtigt. Diese hat schriftlich mittels Erkl\u00e4rung zu erfolgen. Alle Kosten, die bis zur Kenntnisnahme entstanden sind, sind zu erstatten.<\/p>\n<p>7.2\u00a0\u00a0\u00a0\u00a0 Der Lieferant ist berechtigt vom Vertrag zur\u00fcckzutreten sofern vorgesehene Ereignisse die wirtschaftliche Bedeutung oder den Inhalt der Lieferungen oder Leistungen erheblich ver\u00e4ndern oder auf die Arbeiten des Lieferanten erheblich einwirken sowie im Fall nachtr\u00e4glicher Unm\u00f6glichkeit der Ausf\u00fchrung, wird der Vertrag angemessen angepasst. Soweit dies nicht wirtschaftlich vertretbar ist, steht dem Lieferanten das Recht zur Aufl\u00f6sung des Vertrages oder der betroffenen Vertragsteile zu.<\/p>\n<p>7.3\u00a0\u00a0\u00a0\u00a0 Teile, die mit dem Verfahren der UniTube Automotive AG hergestellt werden, sind aufgrund ihrer Komplexit\u00e4t nur bedingt auf ihre Machbarkeit zu pr\u00fcfen. Eine Herstellbarkeitsgarantie wird somit nicht gew\u00e4hrleistet. Jeder Vertragspartner tr\u00e4gt die ihm entstandenen Kosten selbst. Es besteht kein Anspruch auf Schadenersatz bei Nichterf\u00fcllung. Der Vertrag wird somit unwirksam.<\/p>\n<ol start=\"8\">\n<li><strong><u>H\u00f6here Gewalt<\/u><\/strong><\/li>\n<\/ol>\n<p>8.1\u00a0\u00a0\u00a0\u00a0 Sowohl der Lieferant wie der Besteller haften nicht f\u00fcr die Nichterf\u00fcllung einer ihrer vertraglichen Pflichten, wenn sie auf einen Hinderungsgrund au\u00dferhalb ihrer Kontrolle liegt oder insbesondere auf einem der folgenden Gr\u00fcnde beruht: Feuer, Naturkatastrophen, Krieg, Beschlagnahme, Rohstoffknappheit, Beschr\u00e4nkung des Energieverbrauchs und Streik.<\/p>\n<ol start=\"9\">\n<li><strong><u>Gerichtsstand und anwendbares Recht<\/u><\/strong><\/li>\n<\/ol>\n<p>9.1\u00a0\u00a0\u00a0\u00a0 Gerichtsstand f\u00fcr den Besteller und den Lieferanten ist der Sitz des Lieferanten. Der Lieferant ist jedoch berechtigt, den Besteller auch an dessen Sitz zu belangen.<\/p>\n<ol start=\"10\">\n<li><strong><u>Salvatorische Klausel<\/u><\/strong><\/li>\n<\/ol>\n<p>10.1\u00a0\u00a0\u00a0 Sollten einzelne Bestimmungen des Vertrages unwirksam sein, werden die \u00fcbrigen Bestimmungen hiervon nicht ber\u00fchrt. Die Vertragspartner verpflichten sich, die unwirksamen Vorschriften schriftlich durch wirtschaftlich Gleichwertiges zu ersetzen.<\/p>\n<p>Diepoldsau, 17.09.2025<\/p>\n<p><a href=\"http:\/\/www.unitube.ch\/wp-content\/uploads\/2025\/09\/Allgemeine-Geschaeftsbedingungen_DE_092025.pdf\">Allgemeine Gesch\u00e4ftsbedingungen_DE_092025<\/a><\/p>\n<p><a href=\"http:\/\/www.unitube.ch\/wp-content\/uploads\/2025\/09\/General-Terms-and-Conditions_ENG_092025.pdf\">General Terms and Conditions_ENG_092025<\/a><\/p>\n","protected":false},"excerpt":{"rendered":"<p>Allgemeine Gesch\u00e4ftsbedingungen Geltungsbereich 1.1.\u00a0\u00a0\u00a0 S\u00e4mtliche Ausk\u00fcnfte, Angebote, Vertr\u00e4ge, Lieferungen und sonstigen Leistungen unseres Unternehmens erfolgen ausschlie\u00dflich aufgrund der nachstehenden Allgemeinen Gesch\u00e4ftsbedingungen. 1.2.\u00a0\u00a0\u00a0 Den Allgemeinen Gesch\u00e4ftsbedingungen unserer Kunden wird grunds\u00e4tzlich widersprochen. Sie verpflichten uns nur im Falle eines ausdr\u00fccklichen und schriftlichen Anerkenntnisses. Unsere Allgemeinen Gesch\u00e4ftsbedingungen gelten auch dann, wenn wir in Kenntnis endgegenstehender oder von unseren&nbsp;&hellip;<\/p>\n","protected":false},"author":1,"featured_media":0,"parent":0,"menu_order":0,"comment_status":"closed","ping_status":"closed","template":"","meta":{"footnotes":""},"class_list":["post-76","page","type-page","status-publish","hentry"],"_links":{"self":[{"href":"https:\/\/www.unitube.ch\/index.php?rest_route=\/wp\/v2\/pages\/76","targetHints":{"allow":["GET"]}}],"collection":[{"href":"https:\/\/www.unitube.ch\/index.php?rest_route=\/wp\/v2\/pages"}],"about":[{"href":"https:\/\/www.unitube.ch\/index.php?rest_route=\/wp\/v2\/types\/page"}],"author":[{"embeddable":true,"href":"https:\/\/www.unitube.ch\/index.php?rest_route=\/wp\/v2\/users\/1"}],"replies":[{"embeddable":true,"href":"https:\/\/www.unitube.ch\/index.php?rest_route=%2Fwp%2Fv2%2Fcomments&post=76"}],"version-history":[{"count":28,"href":"https:\/\/www.unitube.ch\/index.php?rest_route=\/wp\/v2\/pages\/76\/revisions"}],"predecessor-version":[{"id":513,"href":"https:\/\/www.unitube.ch\/index.php?rest_route=\/wp\/v2\/pages\/76\/revisions\/513"}],"wp:attachment":[{"href":"https:\/\/www.unitube.ch\/index.php?rest_route=%2Fwp%2Fv2%2Fmedia&parent=76"}],"curies":[{"name":"wp","href":"https:\/\/api.w.org\/{rel}","templated":true}]}}