{"id":6,"date":"2021-04-13T19:54:00","date_gmt":"2021-04-13T17:54:00","guid":{"rendered":"https:\/\/www.unitube.ch\/?page_id=6"},"modified":"2025-01-13T13:44:16","modified_gmt":"2025-01-13T12:44:16","slug":"ueber-uns","status":"publish","type":"page","link":"https:\/\/www.unitube.ch\/?page_id=6","title":{"rendered":"\u00dcber uns"},"content":{"rendered":"\t\t<div data-elementor-type=\"wp-page\" data-elementor-id=\"6\" class=\"elementor elementor-6\" data-elementor-settings=\"[]\">\n\t\t\t\t\t\t\t<div class=\"elementor-section-wrap\">\n\t\t\t\t\t\t\t<section class=\"elementor-section elementor-top-section elementor-element elementor-element-689030ef elementor-section-content-top elementor-section-boxed elementor-section-height-default elementor-section-height-default\" data-id=\"689030ef\" data-element_type=\"section\">\n\t\t\t\t\t\t<div class=\"elementor-container elementor-column-gap-no\">\n\t\t\t\t\t<div class=\"elementor-column elementor-col-100 elementor-top-column elementor-element elementor-element-18ee3a54\" data-id=\"18ee3a54\" data-element_type=\"column\">\n\t\t\t<div class=\"elementor-widget-wrap elementor-element-populated\">\n\t\t\t\t\t\t\t\t<div class=\"elementor-element elementor-element-4cd537bf elementor-widget elementor-widget-text-editor\" data-id=\"4cd537bf\" data-element_type=\"widget\" data-widget_type=\"text-editor.default\">\n\t\t\t\t<div class=\"elementor-widget-container\">\n\t\t\t\t\t\t\t\t<!-- wp:paragraph -->\n<p>Wir beliefern weltweit Unternehmen mit Produkten wie Hitzeschutzmatten, Schutzummantelungen, Stanz- und Biegeteile, Spritzgussteile, Zubeh\u00f6rteile im Allgemeinen, Halterungen und Rohrdurchf\u00fchrungen aus Aluminium, f\u00fcr die verschiedensten Anwendungen in Industrie und Fahrzeugen.<\/p>\n<p>Verarbeitet werden Materialien wie Aluminium, Glasseide, Silikon, Spezialsilikon, Grafit sowie thermoplastische Kunststoffe usw.<\/p>\n<p>Unsere Produkte kommen bei Hochtemperaturanwendungen von +200\u00b0C bis +400\u00b0C, in Fahrzeug,- Leichtbau- und Luftfahrttechnik sowie h\u00f6chsten Anspr\u00fcchen an Abriebbest\u00e4ndigkeit zum Einsatz.<\/p>\n<p>Unser Produktportfolio ist kunden- und anwendungsspezifisch ausgelegt. Qualit\u00e4t steht bei uns im Mittelpunkt.<\/p>\n<p><a href=\"http:\/\/www.unitube.ch\/wp-content\/uploads\/2025\/01\/ISO-9001-Zertifikat_FM-76562_DE.pdf\">ISO Zertifikat 9001:2015<\/a><\/p>\n<p><a href=\"http:\/\/www.unitube.ch\/wp-content\/uploads\/2025\/01\/ISO-9001-Zertifikat-FM-76562_ENG.pdf\">ISO certificate 9001:2015<\/a><\/p>\n<p><img loading=\"lazy\" decoding=\"async\" class=\"alignnone  wp-image-460\" src=\"http:\/\/www.unitube.ch\/wp-content\/uploads\/2022\/02\/mark-of-trust-certified-ISO-9001-quality-management-systems-black-logo-En-GB-1019-300x152.png\" alt=\"\" width=\"211\" height=\"107\" srcset=\"https:\/\/www.unitube.ch\/wp-content\/uploads\/2022\/02\/mark-of-trust-certified-ISO-9001-quality-management-systems-black-logo-En-GB-1019-300x152.png 300w, https:\/\/www.unitube.ch\/wp-content\/uploads\/2022\/02\/mark-of-trust-certified-ISO-9001-quality-management-systems-black-logo-En-GB-1019-1024x520.png 1024w, https:\/\/www.unitube.ch\/wp-content\/uploads\/2022\/02\/mark-of-trust-certified-ISO-9001-quality-management-systems-black-logo-En-GB-1019-768x390.png 768w, https:\/\/www.unitube.ch\/wp-content\/uploads\/2022\/02\/mark-of-trust-certified-ISO-9001-quality-management-systems-black-logo-En-GB-1019-1232x625.png 1232w, https:\/\/www.unitube.ch\/wp-content\/uploads\/2022\/02\/mark-of-trust-certified-ISO-9001-quality-management-systems-black-logo-En-GB-1019.png 1281w\" sizes=\"auto, (max-width: 211px) 100vw, 211px\" \/><\/p>\n<p>\u00a0<\/p>\n<!-- \/wp:paragraph --><!-- wp:paragraph --><!-- \/wp:paragraph --><!-- wp:image {\"id\":117,\"sizeSlug\":\"large\",\"linkDestination\":\"none\"} -->\n<figure class=\"wp-block-image size-large\"><\/figure>\n<!-- \/wp:image -->\t\t\t\t\t\t<\/div>\n\t\t\t\t<\/div>\n\t\t\t\t\t<\/div>\n\t\t<\/div>\n\t\t\t\t\t\t\t<\/div>\n\t\t<\/section>\n\t\t\t\t<section class=\"elementor-section elementor-top-section elementor-element elementor-element-4b49186 elementor-section-boxed elementor-section-height-default elementor-section-height-default\" data-id=\"4b49186\" data-element_type=\"section\">\n\t\t\t\t\t\t<div class=\"elementor-container elementor-column-gap-default\">\n\t\t\t\t\t<div class=\"elementor-column elementor-col-33 elementor-top-column elementor-element elementor-element-6b1f90d\" data-id=\"6b1f90d\" data-element_type=\"column\">\n\t\t\t<div class=\"elementor-widget-wrap elementor-element-populated\">\n\t\t\t\t\t\t\t\t<div class=\"elementor-element elementor-element-93bf575 elementor-widget elementor-widget-image\" data-id=\"93bf575\" data-element_type=\"widget\" data-widget_type=\"image.default\">\n\t\t\t\t<div class=\"elementor-widget-container\">\n\t\t\t\t\t\t\t\t\t\t\t\t\t\t\t<img loading=\"lazy\" decoding=\"async\" width=\"1024\" height=\"1024\" src=\"https:\/\/www.unitube.ch\/wp-content\/uploads\/2022\/06\/WhatsApp-Image-2022-06-28-at-16.00.481-1024x1024.jpeg\" class=\"attachment-large size-large\" alt=\"\" srcset=\"https:\/\/www.unitube.ch\/wp-content\/uploads\/2022\/06\/WhatsApp-Image-2022-06-28-at-16.00.481-1024x1024.jpeg 1024w, https:\/\/www.unitube.ch\/wp-content\/uploads\/2022\/06\/WhatsApp-Image-2022-06-28-at-16.00.481-300x300.jpeg 300w, https:\/\/www.unitube.ch\/wp-content\/uploads\/2022\/06\/WhatsApp-Image-2022-06-28-at-16.00.481-150x150.jpeg 150w, https:\/\/www.unitube.ch\/wp-content\/uploads\/2022\/06\/WhatsApp-Image-2022-06-28-at-16.00.481-768x768.jpeg 768w, https:\/\/www.unitube.ch\/wp-content\/uploads\/2022\/06\/WhatsApp-Image-2022-06-28-at-16.00.481-1536x1536.jpeg 1536w, https:\/\/www.unitube.ch\/wp-content\/uploads\/2022\/06\/WhatsApp-Image-2022-06-28-at-16.00.481-1232x1232.jpeg 1232w, https:\/\/www.unitube.ch\/wp-content\/uploads\/2022\/06\/WhatsApp-Image-2022-06-28-at-16.00.481-1080x1080.jpeg 1080w, https:\/\/www.unitube.ch\/wp-content\/uploads\/2022\/06\/WhatsApp-Image-2022-06-28-at-16.00.481.jpeg 2048w\" sizes=\"auto, (max-width: 1024px) 100vw, 1024px\" \/>\t\t\t\t\t\t\t\t\t\t\t\t\t\t\t<\/div>\n\t\t\t\t<\/div>\n\t\t\t\t\t<\/div>\n\t\t<\/div>\n\t\t\t\t<div class=\"elementor-column elementor-col-33 elementor-top-column elementor-element elementor-element-f0dfc30\" data-id=\"f0dfc30\" data-element_type=\"column\">\n\t\t\t<div class=\"elementor-widget-wrap elementor-element-populated\">\n\t\t\t\t\t\t\t\t<div class=\"elementor-element elementor-element-3f7f8d8 elementor-widget elementor-widget-image\" data-id=\"3f7f8d8\" data-element_type=\"widget\" data-widget_type=\"image.default\">\n\t\t\t\t<div class=\"elementor-widget-container\">\n\t\t\t\t\t\t\t\t\t\t\t\t\t\t\t<img loading=\"lazy\" decoding=\"async\" width=\"1024\" height=\"1024\" src=\"https:\/\/www.unitube.ch\/wp-content\/uploads\/2022\/06\/WhatsApp-Image-2022-06-28-at-16.00.48-1024x1024.jpeg\" class=\"attachment-large size-large\" alt=\"\" srcset=\"https:\/\/www.unitube.ch\/wp-content\/uploads\/2022\/06\/WhatsApp-Image-2022-06-28-at-16.00.48-1024x1024.jpeg 1024w, https:\/\/www.unitube.ch\/wp-content\/uploads\/2022\/06\/WhatsApp-Image-2022-06-28-at-16.00.48-300x300.jpeg 300w, https:\/\/www.unitube.ch\/wp-content\/uploads\/2022\/06\/WhatsApp-Image-2022-06-28-at-16.00.48-150x150.jpeg 150w, https:\/\/www.unitube.ch\/wp-content\/uploads\/2022\/06\/WhatsApp-Image-2022-06-28-at-16.00.48-768x768.jpeg 768w, https:\/\/www.unitube.ch\/wp-content\/uploads\/2022\/06\/WhatsApp-Image-2022-06-28-at-16.00.48-1536x1536.jpeg 1536w, https:\/\/www.unitube.ch\/wp-content\/uploads\/2022\/06\/WhatsApp-Image-2022-06-28-at-16.00.48-1232x1232.jpeg 1232w, https:\/\/www.unitube.ch\/wp-content\/uploads\/2022\/06\/WhatsApp-Image-2022-06-28-at-16.00.48-1080x1080.jpeg 1080w, https:\/\/www.unitube.ch\/wp-content\/uploads\/2022\/06\/WhatsApp-Image-2022-06-28-at-16.00.48.jpeg 2048w\" sizes=\"auto, (max-width: 1024px) 100vw, 1024px\" \/>\t\t\t\t\t\t\t\t\t\t\t\t\t\t\t<\/div>\n\t\t\t\t<\/div>\n\t\t\t\t\t<\/div>\n\t\t<\/div>\n\t\t\t\t<div class=\"elementor-column elementor-col-33 elementor-top-column elementor-element elementor-element-fe145f0\" data-id=\"fe145f0\" data-element_type=\"column\">\n\t\t\t<div class=\"elementor-widget-wrap elementor-element-populated\">\n\t\t\t\t\t\t\t\t<div class=\"elementor-element elementor-element-4a4fc26 elementor-widget elementor-widget-image\" data-id=\"4a4fc26\" data-element_type=\"widget\" data-widget_type=\"image.default\">\n\t\t\t\t<div class=\"elementor-widget-container\">\n\t\t\t\t\t\t\t\t\t\t\t\t\t\t\t<img loading=\"lazy\" decoding=\"async\" width=\"1024\" height=\"1024\" src=\"https:\/\/www.unitube.ch\/wp-content\/uploads\/2022\/06\/WhatsApp-Image-2022-06-28-at-16.00.49-1024x1024.jpeg\" class=\"attachment-large size-large\" alt=\"\" srcset=\"https:\/\/www.unitube.ch\/wp-content\/uploads\/2022\/06\/WhatsApp-Image-2022-06-28-at-16.00.49-1024x1024.jpeg 1024w, https:\/\/www.unitube.ch\/wp-content\/uploads\/2022\/06\/WhatsApp-Image-2022-06-28-at-16.00.49-300x300.jpeg 300w, https:\/\/www.unitube.ch\/wp-content\/uploads\/2022\/06\/WhatsApp-Image-2022-06-28-at-16.00.49-150x150.jpeg 150w, https:\/\/www.unitube.ch\/wp-content\/uploads\/2022\/06\/WhatsApp-Image-2022-06-28-at-16.00.49-768x768.jpeg 768w, https:\/\/www.unitube.ch\/wp-content\/uploads\/2022\/06\/WhatsApp-Image-2022-06-28-at-16.00.49-1536x1536.jpeg 1536w, https:\/\/www.unitube.ch\/wp-content\/uploads\/2022\/06\/WhatsApp-Image-2022-06-28-at-16.00.49-1232x1232.jpeg 1232w, https:\/\/www.unitube.ch\/wp-content\/uploads\/2022\/06\/WhatsApp-Image-2022-06-28-at-16.00.49-1080x1080.jpeg 1080w, https:\/\/www.unitube.ch\/wp-content\/uploads\/2022\/06\/WhatsApp-Image-2022-06-28-at-16.00.49.jpeg 2048w\" sizes=\"auto, (max-width: 1024px) 100vw, 1024px\" \/>\t\t\t\t\t\t\t\t\t\t\t\t\t\t\t<\/div>\n\t\t\t\t<\/div>\n\t\t\t\t\t<\/div>\n\t\t<\/div>\n\t\t\t\t\t\t\t<\/div>\n\t\t<\/section>\n\t\t\t\t\t\t<\/div>\n\t\t\t\t\t<\/div>\n\t\t","protected":false},"excerpt":{"rendered":"<p>Wir beliefern weltweit Unternehmen mit Produkten wie Hitzeschutzmatten, Schutzummantelungen, Stanz- und Biegeteile, Spritzgussteile, Zubeh\u00f6rteile im Allgemeinen, Halterungen und Rohrdurchf\u00fchrungen aus Aluminium, f\u00fcr die verschiedensten Anwendungen in Industrie und Fahrzeugen. Verarbeitet werden Materialien wie Aluminium, Glasseide, Silikon, Spezialsilikon, Grafit sowie thermoplastische Kunststoffe usw. Unsere Produkte kommen bei Hochtemperaturanwendungen von +200\u00b0C bis +400\u00b0C, in Fahrzeug,- Leichtbau- und&nbsp;&hellip;<\/p>\n","protected":false},"author":1,"featured_media":0,"parent":0,"menu_order":0,"comment_status":"closed","ping_status":"closed","template":"","meta":{"footnotes":""},"class_list":["post-6","page","type-page","status-publish","hentry"],"_links":{"self":[{"href":"https:\/\/www.unitube.ch\/index.php?rest_route=\/wp\/v2\/pages\/6","targetHints":{"allow":["GET"]}}],"collection":[{"href":"https:\/\/www.unitube.ch\/index.php?rest_route=\/wp\/v2\/pages"}],"about":[{"href":"https:\/\/www.unitube.ch\/index.php?rest_route=\/wp\/v2\/types\/page"}],"author":[{"embeddable":true,"href":"https:\/\/www.unitube.ch\/index.php?rest_route=\/wp\/v2\/users\/1"}],"replies":[{"embeddable":true,"href":"https:\/\/www.unitube.ch\/index.php?rest_route=%2Fwp%2Fv2%2Fcomments&post=6"}],"version-history":[{"count":50,"href":"https:\/\/www.unitube.ch\/index.php?rest_route=\/wp\/v2\/pages\/6\/revisions"}],"predecessor-version":[{"id":501,"href":"https:\/\/www.unitube.ch\/index.php?rest_route=\/wp\/v2\/pages\/6\/revisions\/501"}],"wp:attachment":[{"href":"https:\/\/www.unitube.ch\/index.php?rest_route=%2Fwp%2Fv2%2Fmedia&parent=6"}],"curies":[{"name":"wp","href":"https:\/\/api.w.org\/{rel}","templated":true}]}}